{"id":26,"date":"2023-03-14T19:38:39","date_gmt":"2023-03-14T19:38:39","guid":{"rendered":"http:\/\/www.afyonelektronik.com\/?page_id=26"},"modified":"2023-03-14T19:38:39","modified_gmt":"2023-03-14T19:38:39","slug":"yusuf-aydemir","status":"publish","type":"page","link":"http:\/\/www.afyonelektronik.com\/?page_id=26","title":{"rendered":"Yusuf Aydemir"},"content":{"rendered":"\n<p class=\"has-medium-font-size\">Ben \u00e7\u00f6z\u00fcm odakl\u0131 projeler ve&nbsp;<strong>15 y\u0131ll\u0131k&nbsp;<\/strong>bir tecr\u00fcbeye sahibim.Uzmanl\u0131k alanlar\u0131m aras\u0131nda<strong>g\u00fcvenlik kamera sistemleri, yang\u0131n alg\u0131lama sistemleri, veri ileti\u015fim sistemleri, TV ve ses sistemleri<\/strong>&nbsp;yer almaktad\u0131r.<strong>Afyonkarahisar&#8217;da<\/strong>ya\u015famaktay\u0131m.<\/p>\n","protected":false},"excerpt":{"rendered":"<p>Ben \u00e7\u00f6z\u00fcm odakl\u0131 projeler ve&nbsp;15 y\u0131ll\u0131k&nbsp;bir tecr\u00fcbeye sahibim.Uzmanl\u0131k alanlar\u0131m aras\u0131ndag\u00fcvenlik kamera sistemleri, yang\u0131n alg\u0131lama sistemleri, veri ileti\u015fim sistemleri, TV ve ses sistemleri&nbsp;yer almaktad\u0131r.Afyonkarahisar&#8217;daya\u015famaktay\u0131m.<\/p>\n","protected":false},"author":1,"featured_media":21,"parent":0,"menu_order":0,"comment_status":"closed","ping_status":"closed","template":"","meta":[],"_links":{"self":[{"href":"http:\/\/www.afyonelektronik.com\/index.php?rest_route=\/wp\/v2\/pages\/26"}],"collection":[{"href":"http:\/\/www.afyonelektronik.com\/index.php?rest_route=\/wp\/v2\/pages"}],"about":[{"href":"http:\/\/www.afyonelektronik.com\/index.php?rest_route=\/wp\/v2\/types\/page"}],"author":[{"embeddable":true,"href":"http:\/\/www.afyonelektronik.com\/index.php?rest_route=\/wp\/v2\/users\/1"}],"replies":[{"embeddable":true,"href":"http:\/\/www.afyonelektronik.com\/index.php?rest_route=%2Fwp%2Fv2%2Fcomments&post=26"}],"version-history":[{"count":1,"href":"http:\/\/www.afyonelektronik.com\/index.php?rest_route=\/wp\/v2\/pages\/26\/revisions"}],"predecessor-version":[{"id":27,"href":"http:\/\/www.afyonelektronik.com\/index.php?rest_route=\/wp\/v2\/pages\/26\/revisions\/27"}],"wp:featuredmedia":[{"embeddable":true,"href":"http:\/\/www.afyonelektronik.com\/index.php?rest_route=\/wp\/v2\/media\/21"}],"wp:attachment":[{"href":"http:\/\/www.afyonelektronik.com\/index.php?rest_route=%2Fwp%2Fv2%2Fmedia&parent=26"}],"curies":[{"name":"wp","href":"https:\/\/api.w.org\/{rel}","templated":true}]}}